{"id":254,"date":"2022-01-23T19:44:22","date_gmt":"2022-01-23T19:44:22","guid":{"rendered":"http:\/\/mudrdudova.cz\/?page_id=254"},"modified":"2022-01-23T19:44:22","modified_gmt":"2022-01-23T19:44:22","slug":"cenik","status":"publish","type":"page","link":"https:\/\/mudrdudova.cz\/?page_id=254","title":{"rendered":"Cen\u00edk"},"content":{"rendered":"\n<p>Zde v dohledn\u00e9 dob\u011b budeme uv\u00e1d\u011bt n\u00e1\u0161 cen\u00edk slu\u017eeb<\/p>\n","protected":false},"excerpt":{"rendered":"<p>Zde v dohledn\u00e9 dob\u011b budeme uv\u00e1d\u011bt n\u00e1\u0161 cen\u00edk slu\u017eeb<\/p>\n","protected":false},"author":2,"featured_media":0,"parent":0,"menu_order":0,"comment_status":"closed","ping_status":"closed","template":"","meta":{"footnotes":""},"class_list":["post-254","page","type-page","status-publish","hentry"],"_links":{"self":[{"href":"https:\/\/mudrdudova.cz\/index.php?rest_route=\/wp\/v2\/pages\/254","targetHints":{"allow":["GET"]}}],"collection":[{"href":"https:\/\/mudrdudova.cz\/index.php?rest_route=\/wp\/v2\/pages"}],"about":[{"href":"https:\/\/mudrdudova.cz\/index.php?rest_route=\/wp\/v2\/types\/page"}],"author":[{"embeddable":true,"href":"https:\/\/mudrdudova.cz\/index.php?rest_route=\/wp\/v2\/users\/2"}],"replies":[{"embeddable":true,"href":"https:\/\/mudrdudova.cz\/index.php?rest_route=%2Fwp%2Fv2%2Fcomments&post=254"}],"version-history":[{"count":1,"href":"https:\/\/mudrdudova.cz\/index.php?rest_route=\/wp\/v2\/pages\/254\/revisions"}],"predecessor-version":[{"id":256,"href":"https:\/\/mudrdudova.cz\/index.php?rest_route=\/wp\/v2\/pages\/254\/revisions\/256"}],"wp:attachment":[{"href":"https:\/\/mudrdudova.cz\/index.php?rest_route=%2Fwp%2Fv2%2Fmedia&parent=254"}],"curies":[{"name":"wp","href":"https:\/\/api.w.org\/{rel}","templated":true}]}}