{"id":31,"date":"2020-03-04T18:28:01","date_gmt":"2020-03-04T18:28:01","guid":{"rendered":"http:\/\/mudrdudova.cz\/?page_id=31"},"modified":"2022-01-23T19:47:48","modified_gmt":"2022-01-23T19:47:48","slug":"corona-virus-info","status":"publish","type":"page","link":"https:\/\/mudrdudova.cz\/?page_id=31","title":{"rendered":"Corona virus &#8211; COVID19"},"content":{"rendered":"\n<p><strong>V emailu uv\u00e1d\u011bjte v\u017edy jm\u00e9no d\u00edt\u011bte a rok narozen\u00ed.<\/strong><\/p>\n<p>V p\u0159\u00edpad\u011b pozitivity\u00a0 Ag test, je nutn\u00e9 d\u00edt\u011b izolovat a vy\u0161et\u0159it PCR test,\u00a0 pokud je\u00a0 pozitivn\u00ed izolace trv\u00e1 5 dn\u00ed za p\u0159edpokladu, \u017ee posledn\u00ed 2 dny\u00a0 je d\u00edt\u011b\u00a0 bez jak\u00fdchkoli p\u0159\u00edznak\u016f. N\u00e1sleduj\u00edc\u00edch 5 dn\u00ed m\u016f\u017ee chodit do \u0161koly , \u0161kolky ale s respir\u00e1torem. Pokud po 5 ti dnech izolace trvaj\u00ed p\u0159\u00edznaky, izolace se prodlu\u017euje. Kontroln\u00ed PCR na konci izolace se ned\u011bl\u00e1.<\/p>\n<p>Pokud je jeden \u010dlen rodiny nebo jin\u00fd rizikov\u00fd kontakt PCR pozitivn\u00ed, z\u016fst\u00e1vaj\u00ed v\u0161ichni \u010dlenov\u00e9 rodiny a jeho rizikov\u00e9 kontakty ( bez ohledu na o\u010dkov\u00e1n\u00ed proti Covidu) v karant\u00e9n\u011b po dobu 5ti dn\u016f. Pokud rozvinou n\u011bjak\u00e9 p\u0159\u00edznaky ( bolest hlavy,\u00a0 r\u00fdma, ka\u0161el, hore\u010dka, zvracen\u00ed, pr\u016fjem) musej\u00ed se otestovat PCR testem &#8211; ide\u00e1ln\u011b nejd\u0159\u00edve 3.den obt\u00ed\u017e\u00ed ( d\u0159\u00edve m\u016f\u017ee b\u00fdt test negativn\u00ed).\u00a0 D\u011bti do 18ti let \u017e\u00e1danku nepot\u0159ebuj\u00ed ( maj\u00ed n\u00e1rok na 5 PCR test\u016f za m\u011bs\u00edc).<\/p>\n<p>O pozitivn\u00edm testu Va\u0161eho d\u00edt\u011bte m\u011b informujte emailem s \u00fadajem o tom, kdy bylo d\u00edt\u011b testov\u00e1no a jestli m\u00e1 klinick\u00e9 p\u0159\u00edznaky. Pokud\u00a0 by se\u00a0 prodlu\u017eovala izolace, znovu m\u011b informujte emailem.<\/p>\n<p>Volejte jen v p\u0159\u00edpad\u011b z\u00e1va\u017en\u00e9ho pr\u016fb\u011bhu, vysok\u00e9 hore\u010dky a minim\u00e1ln\u00edho p\u0159\u00edjmu tekutin, du\u0161nosti \u010di apatie. Pokud se V\u00e1m nepoda\u0159\u00ed s n\u00e1mi spojit ,\u00a0 konzultujte stav na pohotovosti VFN, FNM, FN Kr\u00e1lovsk\u00e9 Vinohrady, FN Bulovka<\/p>\n<p>O\u010cR vystavujeme, napi\u0161te mi emailem, od kdy pot\u0159ebujete O\u010cR,\u00a0 formul\u00e1\u0159\u00a0 si vyzvednete a\u017e s ukon\u010den\u00edm O\u010cR.<\/p>\n<p>D\u011bkuji za spolupr\u00e1ci<\/p>\n","protected":false},"excerpt":{"rendered":"<p>V emailu uv\u00e1d\u011bjte v\u017edy jm\u00e9no d\u00edt\u011bte a rok narozen\u00ed. V p\u0159\u00edpad\u011b pozitivity\u00a0 Ag test, je nutn\u00e9 d\u00edt\u011b izolovat a vy\u0161et\u0159it PCR test,\u00a0 pokud je\u00a0 pozitivn\u00ed izolace trv\u00e1 5 dn\u00ed za p\u0159edpokladu, \u017ee posledn\u00ed 2 dny\u00a0 je d\u00edt\u011b\u00a0 bez jak\u00fdchkoli p\u0159\u00edznak\u016f. N\u00e1sleduj\u00edc\u00edch 5 dn\u00ed m\u016f\u017ee chodit do \u0161koly , \u0161kolky ale s respir\u00e1torem. Pokud po 5 [&hellip;]<\/p>\n","protected":false},"author":2,"featured_media":0,"parent":2,"menu_order":0,"comment_status":"closed","ping_status":"closed","template":"","meta":{"footnotes":""},"class_list":["post-31","page","type-page","status-publish","hentry"],"_links":{"self":[{"href":"https:\/\/mudrdudova.cz\/index.php?rest_route=\/wp\/v2\/pages\/31","targetHints":{"allow":["GET"]}}],"collection":[{"href":"https:\/\/mudrdudova.cz\/index.php?rest_route=\/wp\/v2\/pages"}],"about":[{"href":"https:\/\/mudrdudova.cz\/index.php?rest_route=\/wp\/v2\/types\/page"}],"author":[{"embeddable":true,"href":"https:\/\/mudrdudova.cz\/index.php?rest_route=\/wp\/v2\/users\/2"}],"replies":[{"embeddable":true,"href":"https:\/\/mudrdudova.cz\/index.php?rest_route=%2Fwp%2Fv2%2Fcomments&post=31"}],"version-history":[{"count":16,"href":"https:\/\/mudrdudova.cz\/index.php?rest_route=\/wp\/v2\/pages\/31\/revisions"}],"predecessor-version":[{"id":258,"href":"https:\/\/mudrdudova.cz\/index.php?rest_route=\/wp\/v2\/pages\/31\/revisions\/258"}],"up":[{"embeddable":true,"href":"https:\/\/mudrdudova.cz\/index.php?rest_route=\/wp\/v2\/pages\/2"}],"wp:attachment":[{"href":"https:\/\/mudrdudova.cz\/index.php?rest_route=%2Fwp%2Fv2%2Fmedia&parent=31"}],"curies":[{"name":"wp","href":"https:\/\/api.w.org\/{rel}","templated":true}]}}